{"id":2066,"date":"2019-08-15T12:31:47","date_gmt":"2019-09-24T12:29:12","guid":{"rendered":"https:\/\/www.repline.com.tr\/?post_type=product&#038;p=2066"},"modified":"2024-02-20T15:23:22","modified_gmt":"2024-02-20T12:23:22","slug":"flexible-vented-brush-gs-345","status":"publish","type":"product","link":"https:\/\/www.repline.com.tr\/en\/product\/flexible-vented-brush-gs-345\/","title":{"rendered":"Glide&#8217;n Style Flexible Vented Brush &#8211; GS-345"},"content":{"rendered":"<p>Yeni tasar\u0131m f\u0131r\u00e7am\u0131z ile sa\u00e7\u0131n\u0131z\u0131 \u015fekillendirmede maksimum etki sa\u011flanmaktad\u0131r. A\u00e7\u0131k kanall\u0131 tasar\u0131m\u0131 ile e\u015fit miktarda hava ak\u0131m\u0131 olu\u015fturarak daha h\u0131zl\u0131 sa\u00e7 kurutma ve \u015fekillendirme sa\u011flamaktad\u0131r. Konforlu el tutu\u015fu bulunan bu f\u0131r\u00e7a hem \u0131slak hem kuru sa\u00e7lar i\u00e7in idealdir.<\/p>\n","protected":false},"excerpt":{"rendered":"<p>Yeni tasar\u0131m f\u0131r\u00e7am\u0131z ile sa\u00e7\u0131n\u0131z\u0131 \u015fekillendirmede maksimum etki sa\u011flanmaktad\u0131r. A\u00e7\u0131k kanall\u0131 tasar\u0131m\u0131 ile e\u015fit miktarda hava ak\u0131m\u0131 olu\u015fturarak daha h\u0131zl\u0131 sa\u00e7 kurutma ve \u015fekillendirme sa\u011flamaktad\u0131r. Konforlu<span class=\"excerpt-hellip\"> [\u2026]<\/span><\/p>\n","protected":false},"featured_media":1816,"template":"","meta":{"rs_blank_template":"","rs_page_bg_color":"","slide_template_v7":""},"product_brand":[],"product_cat":[233,239],"product_tag":[],"class_list":{"0":"post-2066","1":"product","2":"type-product","3":"status-publish","4":"has-post-thumbnail","6":"product_cat-gliden-style-en","7":"product_cat-i-flow-series","9":"first","10":"instock","11":"shipping-taxable","12":"product-type-simple"},"_links":{"self":[{"href":"https:\/\/www.repline.com.tr\/en\/wp-json\/wp\/v2\/product\/2066","targetHints":{"allow":["GET"]}}],"collection":[{"href":"https:\/\/www.repline.com.tr\/en\/wp-json\/wp\/v2\/product"}],"about":[{"href":"https:\/\/www.repline.com.tr\/en\/wp-json\/wp\/v2\/types\/product"}],"wp:featuredmedia":[{"embeddable":true,"href":"https:\/\/www.repline.com.tr\/en\/wp-json\/wp\/v2\/media\/1816"}],"wp:attachment":[{"href":"https:\/\/www.repline.com.tr\/en\/wp-json\/wp\/v2\/media?parent=2066"}],"wp:term":[{"taxonomy":"product_brand","embeddable":true,"href":"https:\/\/www.repline.com.tr\/en\/wp-json\/wp\/v2\/product_brand?post=2066"},{"taxonomy":"product_cat","embeddable":true,"href":"https:\/\/www.repline.com.tr\/en\/wp-json\/wp\/v2\/product_cat?post=2066"},{"taxonomy":"product_tag","embeddable":true,"href":"https:\/\/www.repline.com.tr\/en\/wp-json\/wp\/v2\/product_tag?post=2066"}],"curies":[{"name":"wp","href":"https:\/\/api.w.org\/{rel}","templated":true}]}}