{"id":2314,"date":"2016-02-20T17:29:37","date_gmt":"2019-10-08T10:23:17","guid":{"rendered":"https:\/\/www.repline.com.tr\/?post_type=product&#038;p=2314"},"modified":"2024-01-30T09:33:38","modified_gmt":"2024-01-30T06:33:38","slug":"brush-crush-304-fan-1802","status":"publish","type":"product","link":"https:\/\/www.repline.com.tr\/en\/product\/brush-crush-304-fan-1802\/","title":{"rendered":"Brush Crush RT-1802"},"content":{"rendered":"<p>Elmac\u0131k kemiklerinizi veya di\u011fer y\u00fcz hatlar\u0131n\u0131z\u0131 vurgulamak i\u00e7in kullanabilirsiniz.<\/p>\n<p>Yumu\u015fak k\u0131l yap\u0131s\u0131na sahiptir.<\/p>\n<p>Ayd\u0131nlat\u0131c\u0131y\u0131 e\u015fit miktarda da\u011f\u0131tman\u0131z\u0131 sa\u011flar.<\/p>\n<p>&nbsp;<\/p>\n<p>%100 vegan.<br \/>\nCruelty\u00a0Free.<\/p>\n","protected":false},"excerpt":{"rendered":"<p>Brush Crush 304 Fan<\/p>\n","protected":false},"featured_media":2001,"template":"","meta":{"rs_blank_template":"","rs_page_bg_color":"","slide_template_v7":""},"product_brand":[],"product_cat":[192],"product_tag":[],"class_list":{"0":"post-2314","1":"product","2":"type-product","3":"status-publish","4":"has-post-thumbnail","6":"product_cat-brush-crush-series","8":"first","9":"instock","10":"shipping-taxable","11":"product-type-simple"},"_links":{"self":[{"href":"https:\/\/www.repline.com.tr\/en\/wp-json\/wp\/v2\/product\/2314","targetHints":{"allow":["GET"]}}],"collection":[{"href":"https:\/\/www.repline.com.tr\/en\/wp-json\/wp\/v2\/product"}],"about":[{"href":"https:\/\/www.repline.com.tr\/en\/wp-json\/wp\/v2\/types\/product"}],"wp:featuredmedia":[{"embeddable":true,"href":"https:\/\/www.repline.com.tr\/en\/wp-json\/wp\/v2\/media\/2001"}],"wp:attachment":[{"href":"https:\/\/www.repline.com.tr\/en\/wp-json\/wp\/v2\/media?parent=2314"}],"wp:term":[{"taxonomy":"product_brand","embeddable":true,"href":"https:\/\/www.repline.com.tr\/en\/wp-json\/wp\/v2\/product_brand?post=2314"},{"taxonomy":"product_cat","embeddable":true,"href":"https:\/\/www.repline.com.tr\/en\/wp-json\/wp\/v2\/product_cat?post=2314"},{"taxonomy":"product_tag","embeddable":true,"href":"https:\/\/www.repline.com.tr\/en\/wp-json\/wp\/v2\/product_tag?post=2314"}],"curies":[{"name":"wp","href":"https:\/\/api.w.org\/{rel}","templated":true}]}}